{"id":277,"date":"2020-09-10T12:55:29","date_gmt":"2020-09-10T12:55:29","guid":{"rendered":"https:\/\/new.mareadriatik.com\/index.php\/rreth-nesh\/"},"modified":"2020-09-11T08:57:44","modified_gmt":"2020-09-11T08:57:44","slug":"chi-siamo","status":"publish","type":"page","link":"https:\/\/mareadriatik.com\/index.php\/chi-siamo\/?lang=it","title":{"rendered":"CHI SIAMO"},"content":{"rendered":"<div class=\"wpb-content-wrapper\"><p>[vc_row][vc_column][vc_custom_heading text=&#8221;La Storia&#8221; font_container=&#8221;tag:h3|text_align:center|color:%231e73be&#8221; google_fonts=&#8221;font_family:Raleway%3A100%2C200%2C300%2Cregular%2C500%2C600%2C700%2C800%2C900|font_style:400%20regular%3A400%3Anormal&#8221;][vc_column_text]<\/p>\n<p style=\"text-align: center;\">Mare Adriatico \u00e8 una societ\u00e0 albanese, con Presidente Sig. Mark Baban stabilita dal 1995 ed \u00e8 specializzata nella produzione ed esportazione di prodotti ittici.<\/p>\n<p style=\"text-align: center;\">Mare Adriatico \u00e8 una delle pi\u00f9 grandi aziende Albanesi che elabora con professionalit\u00e0 le acciughe e sardine del Mare Adriatico, fornisce prodotti di alta qualit\u00e0 trattati da metodi artigianali, permettendo cos\u00ec la degustazione del pesce vero del Mar Mediterraneo e in particolare mare Adriatico.<\/p>\n<p>[\/vc_column_text][vc_empty_space][\/vc_column][\/vc_row][vc_row bg_type=&#8221;bg_color&#8221; bg_override=&#8221;ex-full&#8221; css=&#8221;.vc_custom_1599742769472{padding-top: 50px !important;padding-bottom: 50px !important;}&#8221; bg_color_value=&#8221;#f9f9f9&#8243;][vc_column width=&#8221;2\/3&#8243;][vc_custom_heading text=&#8221;Qualit\u00e0&#8221; font_container=&#8221;tag:h3|text_align:left|color:%231e73be&#8221; google_fonts=&#8221;font_family:Raleway%3A100%2C200%2C300%2Cregular%2C500%2C600%2C700%2C800%2C900|font_style:400%20regular%3A400%3Anormal&#8221;][vc_empty_space height=&#8221;20px&#8221;]<div class=\"standard-arrow bullet-top\"><p>L\u2019azienda fornisce prodotti di alta qualit\u00e0 trattati da metodi artigianali ma adattato a nuovi metodi in base alle esigenze dei nostri clienti. La societ\u00e0 possiede sistemi\u00a0<strong>ISO 9001-2001<\/strong>\u00a0e\u00a0<strong>HACCP<\/strong><\/p>\n<ul>\n<li>Nel\u00a0<strong>2007<\/strong>\u00a0l\u2019azienda riceve il certificato di qualit\u00e0\u00a0<strong>ISO 9001-2000<\/strong><\/li>\n<li>Mentre nel\u00a0<strong>2010<\/strong>\u00a0prende di nuovo il certificato di qualit\u00e0\u00a0<strong>ISO 9001-2008<\/strong><\/li>\n<li>E di nuovo nel\u00a0<strong>2010<\/strong>\u00a0si ottiene il certificato per il sistema di gestione dell\u2019igiene\u00a0<strong>HACCP 102\/10<\/strong><\/li>\n<li>Nel\u00a0<strong>2015<\/strong>\u00a0si ottiene il certificato per il sistema di gestione dell\u2019igiene\u00a0<strong>HACCP-174\/15<\/strong>.<\/li>\n<li>Nello stesso tempo\u00a0prende di nuovo il certificato di qualit\u00e0\u00a0<strong>ISO 9001:2008<\/strong>.<\/li>\n<\/ul>\n<\/div>[\/vc_column][vc_column width=&#8221;1\/3&#8243;][vc_single_image image=&#8221;164&#8243; img_size=&#8221;full&#8221; alignment=&#8221;center&#8221;][vc_single_image image=&#8221;279&#8243; img_size=&#8221;full&#8221; alignment=&#8221;center&#8221;][\/vc_column][\/vc_row][vc_row css=&#8221;.vc_custom_1599742684952{padding-top: 50px !important;padding-bottom: 50px !important;}&#8221;][vc_column][vc_custom_heading text=&#8221;I Nostri Prodotti&#8221; font_container=&#8221;tag:h3|text_align:center|color:%231e73be&#8221; google_fonts=&#8221;font_family:Raleway%3A100%2C200%2C300%2Cregular%2C500%2C600%2C700%2C800%2C900|font_style:400%20regular%3A400%3Anormal&#8221;][vc_empty_space height=&#8221;20px&#8221;][vc_row_inner][vc_column_inner width=&#8221;1\/2&#8243;]<div class=\"standard-arrow bullet-top\"><ul>\n<li>Filetto di acciughe in olio di girasole con kaper: 80 gr<\/li>\n<li>Filetto di acciughe in olio di girasole con\u00a0pepe:80 gr<\/li>\n<li>Filetto di acciughe in olio di girasole con prezzemolo: 80 gr<\/li>\n<li>Filetto di acciughe in olio di girasole distesi: 80 gr<\/li>\n<li>Filetto di acciughe in olio di girasole\/\u00a0olio di oliva: 156 gr<\/li>\n<\/ul>\n<\/div>[\/vc_column_inner][vc_column_inner width=&#8221;1\/2&#8243;]<div class=\"standard-arrow bullet-top\"><ul>\n<li>Filetto di acciughe in olio di girasole \/ peperoncino \/ prezzemolo, 200 gr<\/li>\n<li>Filetto di acciughe in olio di girasole\/ olio di oliva:300 gr<\/li>\n<li>Acciughe salate:500 gr<\/li>\n<li>Filetto di acciughe in olio di girasole:720 gr<\/li>\n<li>Filetto di acciughe in olio di girasole:1700 gr<\/li>\n<\/ul>\n<\/div>[\/vc_column_inner][\/vc_row_inner][\/vc_column][\/vc_row][vc_row bg_type=&#8221;bg_color&#8221; bg_override=&#8221;ex-full&#8221; css=&#8221;.vc_custom_1599742769472{padding-top: 50px !important;padding-bottom: 50px !important;}&#8221; bg_color_value=&#8221;#f9f9f9&#8243;][vc_column width=&#8221;2\/3&#8243;][vc_custom_heading text=&#8221;Attivit\u00e0&#8221; font_container=&#8221;tag:h3|text_align:left|color:%231e73be&#8221; google_fonts=&#8221;font_family:Raleway%3A100%2C200%2C300%2Cregular%2C500%2C600%2C700%2C800%2C900|font_style:400%20regular%3A400%3Anormal&#8221;][vc_empty_space height=&#8221;20px&#8221;][vc_column_text]Nel mese di aprile 2008-2009 \u201cMare Adriatico\u201d partecipa alla Fiera Internazionale di Bruxelles \u201cESE 2008\u201d, in cui \u00a0e riconosciuto da\u00a0i clienti\u00a0pi\u00f9 importante nella storia del \u201cMare Adriatico\u201d<\/p>\n<p>Nel 2012 partecipa alla fiera internazionale \u201cAlimentaria 2012\u201d a Barcellona di Spagna, estendendo l\u2019orizzonte nei rapporti con altre aziende\u00a0simili\u00a0che sono popolari nel mondo di oggi.[\/vc_column_text][\/vc_column][vc_column width=&#8221;1\/3&#8243;][vc_empty_space height=&#8221;60px&#8221;]<div class=\"standard-arrow bullet-top\"><ul>\n<li>\n<h4><strong>FANCY FOOD FIERA DI NEW YORK 2013<\/strong><\/h4>\n<\/li>\n<li>\n<h4><strong>FIERA IN NORVEGIA 2014<\/strong><\/h4>\n<\/li>\n<li>\n<h4><strong>FIERA IN BAHRAIN-AFRICA 2014<\/strong><\/h4>\n<\/li>\n<\/ul>\n<\/div>[\/vc_column][\/vc_row]<\/p>\n<\/div>","protected":false},"excerpt":{"rendered":"<p>[vc_row][vc_column][vc_custom_heading text=&#8221;La Storia&#8221; font_container=&#8221;tag:h3|text_align:center|color:%231e73be&#8221; google_fonts=&#8221;font_family:Raleway%3A100%2C200%2C300%2Cregular%2C500%2C600%2C700%2C800%2C900|font_style:400%20regular%3A400%3Anormal&#8221;][vc_column_text] Mare Adriatico \u00e8 una societ\u00e0 albanese, con Presidente Sig. Mark Baban stabilita dal 1995 ed \u00e8 specializzata nella produzione ed esportazione di prodotti ittici. Mare Adriatico \u00e8 una delle pi\u00f9 grandi aziende Albanesi che elabora con professionalit\u00e0 le acciughe e sardine del Mare Adriatico, fornisce prodotti di alta qualit\u00e0 trattati&hellip;<\/p>\n","protected":false},"author":1,"featured_media":0,"parent":0,"menu_order":0,"comment_status":"closed","ping_status":"closed","template":"","meta":{"footnotes":""},"class_list":["post-277","page","type-page","status-publish","hentry","description-off"],"_links":{"self":[{"href":"https:\/\/mareadriatik.com\/index.php\/wp-json\/wp\/v2\/pages\/277","targetHints":{"allow":["GET"]}}],"collection":[{"href":"https:\/\/mareadriatik.com\/index.php\/wp-json\/wp\/v2\/pages"}],"about":[{"href":"https:\/\/mareadriatik.com\/index.php\/wp-json\/wp\/v2\/types\/page"}],"author":[{"embeddable":true,"href":"https:\/\/mareadriatik.com\/index.php\/wp-json\/wp\/v2\/users\/1"}],"replies":[{"embeddable":true,"href":"https:\/\/mareadriatik.com\/index.php\/wp-json\/wp\/v2\/comments?post=277"}],"version-history":[{"count":4,"href":"https:\/\/mareadriatik.com\/index.php\/wp-json\/wp\/v2\/pages\/277\/revisions"}],"predecessor-version":[{"id":282,"href":"https:\/\/mareadriatik.com\/index.php\/wp-json\/wp\/v2\/pages\/277\/revisions\/282"}],"wp:attachment":[{"href":"https:\/\/mareadriatik.com\/index.php\/wp-json\/wp\/v2\/media?parent=277"}],"curies":[{"name":"wp","href":"https:\/\/api.w.org\/{rel}","templated":true}]}}